{"id":5308,"date":"2020-03-23T11:38:45","date_gmt":"2020-03-23T11:38:45","guid":{"rendered":"https:\/\/campomarzio.webgrammi.it\/?page_id=5308"},"modified":"2024-01-04T13:56:47","modified_gmt":"2024-01-04T13:56:47","slug":"blog","status":"publish","type":"page","link":"https:\/\/welcomeinrome.com\/it\/blog\/","title":{"rendered":"Blog"},"content":{"rendered":"\t\t<div data-elementor-type=\"wp-page\" data-elementor-id=\"5308\" class=\"elementor elementor-5308 elementor-694\">\n\t\t\t\t\t\t<section class=\"elementor-section elementor-top-section elementor-element elementor-element-4a4a967 elementor-section-full_width elementor-section-height-default elementor-section-height-default qodef-elementor-content-no\" data-id=\"4a4a967\" data-element_type=\"section\">\n\t\t\t\t\t\t<div class=\"elementor-container elementor-column-gap-no\">\n\t\t\t\t\t<div class=\"elementor-column elementor-col-100 elementor-top-column elementor-element elementor-element-a4cfdc5\" data-id=\"a4cfdc5\" data-element_type=\"column\">\n\t\t\t<div class=\"elementor-widget-wrap elementor-element-populated\">\n\t\t\t\t\t\t<div class=\"elementor-element elementor-element-d901e06 elementor-widget elementor-widget-alloggio_core_blog_list\" data-id=\"d901e06\" data-element_type=\"widget\" data-widget_type=\"alloggio_core_blog_list.default\">\n\t\t\t\t<div class=\"elementor-widget-container\">\n\t\t\t<div class=\"qodef-shortcode qodef-m  qodef-blog qodef--list qodef-item-layout--standard  qodef--has-animation qodef-grid qodef-layout--masonry  qodef-gutter--normal qodef-col-num--3 qodef-item-layout--standard qodef-pagination--on qodef-pagination-type--standard qodef-responsive--predefined\" data-options=\"{&quot;plugin&quot;:&quot;alloggio_core&quot;,&quot;module&quot;:&quot;blog\\\/shortcodes&quot;,&quot;shortcode&quot;:&quot;blog-list&quot;,&quot;post_type&quot;:&quot;post&quot;,&quot;next_page&quot;:&quot;2&quot;,&quot;max_pages_num&quot;:1,&quot;behavior&quot;:&quot;masonry&quot;,&quot;columns&quot;:&quot;3&quot;,&quot;columns_responsive&quot;:&quot;predefined&quot;,&quot;space&quot;:&quot;normal&quot;,&quot;posts_per_page&quot;:&quot;12&quot;,&quot;orderby&quot;:&quot;date&quot;,&quot;order&quot;:&quot;DESC&quot;,&quot;additional_params&quot;:&quot;tax&quot;,&quot;tax&quot;:&quot;category&quot;,&quot;layout&quot;:&quot;standard&quot;,&quot;title_tag&quot;:&quot;h3&quot;,&quot;enable_animation&quot;:&quot;yes&quot;,&quot;enable_author_info&quot;:&quot;no&quot;,&quot;enable_read_more&quot;:&quot;yes&quot;,&quot;excerpt_length&quot;:&quot;145&quot;,&quot;pagination_type&quot;:&quot;standard&quot;,&quot;object_class_name&quot;:&quot;AlloggioCoreBlogListShortcode&quot;,&quot;taxonomy_filter&quot;:&quot;category&quot;,&quot;additional_query_args&quot;:[],&quot;space_value&quot;:15}\">\n\t\t<div class=\"qodef-grid-inner clear\">\n\t\t\t<div class=\"qodef-grid-masonry-sizer\"><\/div>\n\t<div class=\"qodef-grid-masonry-gutter\"><\/div>\n<article class=\"qodef-e qodef-blog-item qodef-grid-item post-5289 post type-post status-publish format-standard has-post-thumbnail hentry category-guida-roma\">\n\t<div class=\"qodef-e-inner\">\n\t\t<div class=\"qodef-e-media\">\n\t\t<div class=\"qodef-e-media-image\">\n\t\t<a itemprop=\"url\" href=\"https:\/\/welcomeinrome.com\/it\/i-piatti-piu-popolari-della-tradizione-romana\/\">\n\t\t\t<img fetchpriority=\"high\" decoding=\"async\" width=\"1300\" height=\"953\" src=\"https:\/\/welcomeinrome.com\/wp-content\/uploads\/2024\/01\/the-most-popular-dishes-of-roman-cuisine-1.jpg\" class=\"attachment-full size-full wp-post-image\" alt=\"\" srcset=\"https:\/\/welcomeinrome.com\/wp-content\/uploads\/2024\/01\/the-most-popular-dishes-of-roman-cuisine-1.jpg 1300w, https:\/\/welcomeinrome.com\/wp-content\/uploads\/2024\/01\/the-most-popular-dishes-of-roman-cuisine-1-300x220.jpg 300w, https:\/\/welcomeinrome.com\/wp-content\/uploads\/2024\/01\/the-most-popular-dishes-of-roman-cuisine-1-1024x751.jpg 1024w, https:\/\/welcomeinrome.com\/wp-content\/uploads\/2024\/01\/the-most-popular-dishes-of-roman-cuisine-1-768x563.jpg 768w\" sizes=\"(max-width: 1300px) 100vw, 1300px\" \/>\t\t<\/a>\n\t<\/div>\n<\/div>\t\t<div class=\"qodef-e-content\">\n\t\t\t<div class=\"qodef-e-info qodef-info--top\">\n\t\t\t\t<div itemprop=\"dateCreated\" class=\"qodef-e-info-item qodef-e-info-date entry-date \">\n\t<a itemprop=\"url\" href=\"https:\/\/welcomeinrome.com\/it\/2026\/01\/\">Gennaio 2, 2026<\/a>\n\t<meta itemprop=\"interactionCount\" content=\"UserComments: 0\"\/>\n<\/div>\t\t\t<\/div>\n\t\t\t<div class=\"qodef-e-text\">\n\t\t\t\t<h3 itemprop=\"name\" class=\"qodef-e-title entry-title\" >\n\t<a itemprop=\"url\" class=\"qodef-e-title-link\" href=\"https:\/\/welcomeinrome.com\/it\/i-piatti-piu-popolari-della-tradizione-romana\/\">\n\t\tI piatti pi\u00f9 popolari della tradizione romana\t<\/a>\n<\/h3>\t\t<p itemprop=\"description\" class=\"qodef-e-excerpt\">I piatti pi\u00f9 popolari della tradizione romana Un viaggio nei sapori autentici della Capitale La cucina romana \u00e8 una delle pi\u00f9 amate e riconosc<\/p>\n\t\t\t\t<\/div>\n\t\t\t\t\t\t\t<div class=\"qodef-e-info qodef-info--bottom\">\n\t\t\t\t\t\t<div class=\"qodef-e-read-more\">\n\t\t<a class=\"qodef-shortcode qodef-m  qodef-button qodef-layout--textual  qodef-html--link\" href=\"https:\/\/welcomeinrome.com\/it\/i-piatti-piu-popolari-della-tradizione-romana\/\" target=\"_self\"  >\t<span class=\"qodef-m-text\">Leggi tutto<\/span>\t<span class=\"qodef-m-plus\"><\/span><\/a>\t<\/div>\n\t\t\t\t<\/div>\n\t\t\t\t\t<\/div>\n\t<\/div>\n<\/article><article class=\"qodef-e qodef-blog-item qodef-grid-item post-5298 post type-post status-publish format-standard has-post-thumbnail hentry category-guida-roma\">\n\t<div class=\"qodef-e-inner\">\n\t\t<div class=\"qodef-e-media\">\n\t\t<div class=\"qodef-e-media-image\">\n\t\t<a itemprop=\"url\" href=\"https:\/\/welcomeinrome.com\/it\/colazione-per-due-al-centro-di-roma\/\">\n\t\t\t<img decoding=\"async\" width=\"1300\" height=\"953\" src=\"https:\/\/welcomeinrome.com\/wp-content\/uploads\/2023\/12\/breakfast-for-two-in-the-center-of-rome.jpg\" class=\"attachment-full size-full wp-post-image\" alt=\"\" srcset=\"https:\/\/welcomeinrome.com\/wp-content\/uploads\/2023\/12\/breakfast-for-two-in-the-center-of-rome.jpg 1300w, https:\/\/welcomeinrome.com\/wp-content\/uploads\/2023\/12\/breakfast-for-two-in-the-center-of-rome-300x220.jpg 300w, https:\/\/welcomeinrome.com\/wp-content\/uploads\/2023\/12\/breakfast-for-two-in-the-center-of-rome-1024x751.jpg 1024w, https:\/\/welcomeinrome.com\/wp-content\/uploads\/2023\/12\/breakfast-for-two-in-the-center-of-rome-768x563.jpg 768w\" sizes=\"(max-width: 1300px) 100vw, 1300px\" \/>\t\t<\/a>\n\t<\/div>\n<\/div>\t\t<div class=\"qodef-e-content\">\n\t\t\t<div class=\"qodef-e-info qodef-info--top\">\n\t\t\t\t<div itemprop=\"dateCreated\" class=\"qodef-e-info-item qodef-e-info-date entry-date \">\n\t<a itemprop=\"url\" href=\"https:\/\/welcomeinrome.com\/it\/2025\/12\/\">Dicembre 5, 2025<\/a>\n\t<meta itemprop=\"interactionCount\" content=\"UserComments: 0\"\/>\n<\/div>\t\t\t<\/div>\n\t\t\t<div class=\"qodef-e-text\">\n\t\t\t\t<h3 itemprop=\"name\" class=\"qodef-e-title entry-title\" >\n\t<a itemprop=\"url\" class=\"qodef-e-title-link\" href=\"https:\/\/welcomeinrome.com\/it\/colazione-per-due-al-centro-di-roma\/\">\n\t\tColazione per due al Centro di Roma\t<\/a>\n<\/h3>\t\t<p itemprop=\"description\" class=\"qodef-e-excerpt\">Il centro storico di Roma offre numerose opzioni suggestive. Ecco alcuni dei nostri luoghi preferiti per una colazione per due.<\/p>\n\t\t\t\t<\/div>\n\t\t\t\t\t\t\t<div class=\"qodef-e-info qodef-info--bottom\">\n\t\t\t\t\t\t<div class=\"qodef-e-read-more\">\n\t\t<a class=\"qodef-shortcode qodef-m  qodef-button qodef-layout--textual  qodef-html--link\" href=\"https:\/\/welcomeinrome.com\/it\/colazione-per-due-al-centro-di-roma\/\" target=\"_self\"  >\t<span class=\"qodef-m-text\">Leggi tutto<\/span>\t<span class=\"qodef-m-plus\"><\/span><\/a>\t<\/div>\n\t\t\t\t<\/div>\n\t\t\t\t\t<\/div>\n\t<\/div>\n<\/article><article class=\"qodef-e qodef-blog-item qodef-grid-item post-5300 post type-post status-publish format-standard has-post-thumbnail hentry category-guida-roma\">\n\t<div class=\"qodef-e-inner\">\n\t\t<div class=\"qodef-e-media\">\n\t\t<div class=\"qodef-e-media-image\">\n\t\t<a itemprop=\"url\" href=\"https:\/\/welcomeinrome.com\/it\/le-viste-piu-spettacolari-di-roma\/\">\n\t\t\t<img decoding=\"async\" width=\"1300\" height=\"953\" src=\"https:\/\/welcomeinrome.com\/wp-content\/uploads\/2023\/11\/the-most-spectacular-views-of-rome-1.jpg\" class=\"attachment-full size-full wp-post-image\" alt=\"\" srcset=\"https:\/\/welcomeinrome.com\/wp-content\/uploads\/2023\/11\/the-most-spectacular-views-of-rome-1.jpg 1300w, https:\/\/welcomeinrome.com\/wp-content\/uploads\/2023\/11\/the-most-spectacular-views-of-rome-1-300x220.jpg 300w, https:\/\/welcomeinrome.com\/wp-content\/uploads\/2023\/11\/the-most-spectacular-views-of-rome-1-1024x751.jpg 1024w, https:\/\/welcomeinrome.com\/wp-content\/uploads\/2023\/11\/the-most-spectacular-views-of-rome-1-768x563.jpg 768w\" sizes=\"(max-width: 1300px) 100vw, 1300px\" \/>\t\t<\/a>\n\t<\/div>\n<\/div>\t\t<div class=\"qodef-e-content\">\n\t\t\t<div class=\"qodef-e-info qodef-info--top\">\n\t\t\t\t<div itemprop=\"dateCreated\" class=\"qodef-e-info-item qodef-e-info-date entry-date \">\n\t<a itemprop=\"url\" href=\"https:\/\/welcomeinrome.com\/it\/2025\/11\/\">Novembre 8, 2025<\/a>\n\t<meta itemprop=\"interactionCount\" content=\"UserComments: 0\"\/>\n<\/div>\t\t\t<\/div>\n\t\t\t<div class=\"qodef-e-text\">\n\t\t\t\t<h3 itemprop=\"name\" class=\"qodef-e-title entry-title\" >\n\t<a itemprop=\"url\" class=\"qodef-e-title-link\" href=\"https:\/\/welcomeinrome.com\/it\/le-viste-piu-spettacolari-di-roma\/\">\n\t\tLe viste pi\u00f9 spettacolari di Roma\t<\/a>\n<\/h3>\t\t<p itemprop=\"description\" class=\"qodef-e-excerpt\">La citt\u00e0 eterna a vista dall\u2019alto \u00e8  un&#039;esperienza unica e regala scorci mozzafiato. Ecco una selezione dei migliori punti panoramici di Roma<\/p>\n\t\t\t\t<\/div>\n\t\t\t\t\t\t\t<div class=\"qodef-e-info qodef-info--bottom\">\n\t\t\t\t\t\t<div class=\"qodef-e-read-more\">\n\t\t<a class=\"qodef-shortcode qodef-m  qodef-button qodef-layout--textual  qodef-html--link\" href=\"https:\/\/welcomeinrome.com\/it\/le-viste-piu-spettacolari-di-roma\/\" target=\"_self\"  >\t<span class=\"qodef-m-text\">Leggi tutto<\/span>\t<span class=\"qodef-m-plus\"><\/span><\/a>\t<\/div>\n\t\t\t\t<\/div>\n\t\t\t\t\t<\/div>\n\t<\/div>\n<\/article>\t<\/div>\n\t<\/div>\t\t<\/div>\n\t\t\t\t<\/div>\n\t\t\t\t\t<\/div>\n\t\t<\/div>\n\t\t\t\t\t<\/div>\n\t\t<\/section>\n\t\t\t\t<\/div>\n\t\t","protected":false},"excerpt":{"rendered":"<p>Gennaio 2, 2024 I piatti pi\u00f9 popolari della tradizione romana Read More Dicembre 5, 2023 Colazione per due al Centro di Roma Read More Novembre 8, 2023 Le viste pi\u00f9 spettacolari di Roma Read More<\/p>\n","protected":false},"author":1,"featured_media":0,"parent":0,"menu_order":0,"comment_status":"closed","ping_status":"closed","template":"","meta":{"footnotes":""},"class_list":["post-5308","page","type-page","status-publish","hentry"],"yoast_head":"<!-- This site is optimized with the Yoast SEO plugin v23.4 - https:\/\/yoast.com\/wordpress\/plugins\/seo\/ -->\n<title>Blog - Welcome in Rome<\/title>\n<meta name=\"robots\" content=\"index, follow, max-snippet:-1, max-image-preview:large, max-video-preview:-1\" \/>\n<link rel=\"canonical\" href=\"https:\/\/welcomeinrome.com\/it\/blog\/\" \/>\n<meta property=\"og:locale\" content=\"it_IT\" \/>\n<meta property=\"og:type\" content=\"article\" \/>\n<meta property=\"og:title\" content=\"Blog - Welcome in Rome\" \/>\n<meta property=\"og:description\" content=\"Gennaio 2, 2024 I piatti pi\u00f9 popolari della tradizione romana Read More Dicembre 5, 2023 Colazione per due al Centro di Roma Read More Novembre 8, 2023 Le viste pi\u00f9 spettacolari di Roma Read More\" \/>\n<meta property=\"og:url\" content=\"https:\/\/welcomeinrome.com\/it\/blog\/\" \/>\n<meta property=\"og:site_name\" content=\"Welcome in Rome\" \/>\n<meta property=\"article:modified_time\" content=\"2024-01-04T13:56:47+00:00\" \/>\n<meta property=\"og:image\" content=\"https:\/\/welcomeinrome.com\/wp-content\/uploads\/2020\/04\/pinterest-blog-img-14.jpg\" \/>\n<meta name=\"twitter:card\" content=\"summary_large_image\" \/>\n<meta name=\"twitter:label1\" content=\"Tempo di lettura stimato\" \/>\n\t<meta name=\"twitter:data1\" content=\"1 minuto\" \/>\n<script type=\"application\/ld+json\" class=\"yoast-schema-graph\">{\"@context\":\"https:\/\/schema.org\",\"@graph\":[{\"@type\":\"WebPage\",\"@id\":\"https:\/\/welcomeinrome.com\/it\/blog\/\",\"url\":\"https:\/\/welcomeinrome.com\/it\/blog\/\",\"name\":\"Blog - Welcome in Rome\",\"isPartOf\":{\"@id\":\"https:\/\/welcomeinrome.com\/#website\"},\"primaryImageOfPage\":{\"@id\":\"https:\/\/welcomeinrome.com\/it\/blog\/#primaryimage\"},\"image\":{\"@id\":\"https:\/\/welcomeinrome.com\/it\/blog\/#primaryimage\"},\"thumbnailUrl\":\"https:\/\/welcomeinrome.com\/wp-content\/uploads\/2020\/04\/pinterest-blog-img-14.jpg\",\"datePublished\":\"2020-03-23T11:38:45+00:00\",\"dateModified\":\"2024-01-04T13:56:47+00:00\",\"breadcrumb\":{\"@id\":\"https:\/\/welcomeinrome.com\/it\/blog\/#breadcrumb\"},\"inLanguage\":\"it-IT\",\"potentialAction\":[{\"@type\":\"ReadAction\",\"target\":[\"https:\/\/welcomeinrome.com\/it\/blog\/\"]}]},{\"@type\":\"ImageObject\",\"inLanguage\":\"it-IT\",\"@id\":\"https:\/\/welcomeinrome.com\/it\/blog\/#primaryimage\",\"url\":\"https:\/\/welcomeinrome.com\/wp-content\/uploads\/2020\/04\/pinterest-blog-img-14.jpg\",\"contentUrl\":\"https:\/\/welcomeinrome.com\/wp-content\/uploads\/2020\/04\/pinterest-blog-img-14.jpg\"},{\"@type\":\"BreadcrumbList\",\"@id\":\"https:\/\/welcomeinrome.com\/it\/blog\/#breadcrumb\",\"itemListElement\":[{\"@type\":\"ListItem\",\"position\":1,\"name\":\"Home\",\"item\":\"https:\/\/welcomeinrome.com\/it\/\"},{\"@type\":\"ListItem\",\"position\":2,\"name\":\"Blog\"}]},{\"@type\":\"WebSite\",\"@id\":\"https:\/\/welcomeinrome.com\/#website\",\"url\":\"https:\/\/welcomeinrome.com\/\",\"name\":\"Welcome in Rome\",\"description\":\"Welcome In Rome\",\"publisher\":{\"@id\":\"https:\/\/welcomeinrome.com\/#organization\"},\"alternateName\":\"Luxury Rental Apartments in Rome\",\"potentialAction\":[{\"@type\":\"SearchAction\",\"target\":{\"@type\":\"EntryPoint\",\"urlTemplate\":\"https:\/\/welcomeinrome.com\/?s={search_term_string}\"},\"query-input\":{\"@type\":\"PropertyValueSpecification\",\"valueRequired\":true,\"valueName\":\"search_term_string\"}}],\"inLanguage\":\"it-IT\"},{\"@type\":\"Organization\",\"@id\":\"https:\/\/welcomeinrome.com\/#organization\",\"name\":\"Welcome In Rome\",\"alternateName\":\"Luxury Rental Apartments in Rome\",\"url\":\"https:\/\/welcomeinrome.com\/\",\"logo\":{\"@type\":\"ImageObject\",\"inLanguage\":\"it-IT\",\"@id\":\"https:\/\/welcomeinrome.com\/#\/schema\/logo\/image\/\",\"url\":\"https:\/\/welcomeinrome.com\/wp-content\/uploads\/2025\/06\/cropped-logo-test3.png\",\"contentUrl\":\"https:\/\/welcomeinrome.com\/wp-content\/uploads\/2025\/06\/cropped-logo-test3.png\",\"width\":71,\"height\":71,\"caption\":\"Welcome In Rome\"},\"image\":{\"@id\":\"https:\/\/welcomeinrome.com\/#\/schema\/logo\/image\/\"}}]}<\/script>\n<!-- \/ Yoast SEO plugin. -->","yoast_head_json":{"title":"Blog - Welcome in Rome","robots":{"index":"index","follow":"follow","max-snippet":"max-snippet:-1","max-image-preview":"max-image-preview:large","max-video-preview":"max-video-preview:-1"},"canonical":"https:\/\/welcomeinrome.com\/it\/blog\/","og_locale":"it_IT","og_type":"article","og_title":"Blog - Welcome in Rome","og_description":"Gennaio 2, 2024 I piatti pi\u00f9 popolari della tradizione romana Read More Dicembre 5, 2023 Colazione per due al Centro di Roma Read More Novembre 8, 2023 Le viste pi\u00f9 spettacolari di Roma Read More","og_url":"https:\/\/welcomeinrome.com\/it\/blog\/","og_site_name":"Welcome in Rome","article_modified_time":"2024-01-04T13:56:47+00:00","og_image":[{"url":"https:\/\/welcomeinrome.com\/wp-content\/uploads\/2020\/04\/pinterest-blog-img-14.jpg"}],"twitter_card":"summary_large_image","twitter_misc":{"Tempo di lettura stimato":"1 minuto"},"schema":{"@context":"https:\/\/schema.org","@graph":[{"@type":"WebPage","@id":"https:\/\/welcomeinrome.com\/it\/blog\/","url":"https:\/\/welcomeinrome.com\/it\/blog\/","name":"Blog - Welcome in Rome","isPartOf":{"@id":"https:\/\/welcomeinrome.com\/#website"},"primaryImageOfPage":{"@id":"https:\/\/welcomeinrome.com\/it\/blog\/#primaryimage"},"image":{"@id":"https:\/\/welcomeinrome.com\/it\/blog\/#primaryimage"},"thumbnailUrl":"https:\/\/welcomeinrome.com\/wp-content\/uploads\/2020\/04\/pinterest-blog-img-14.jpg","datePublished":"2020-03-23T11:38:45+00:00","dateModified":"2024-01-04T13:56:47+00:00","breadcrumb":{"@id":"https:\/\/welcomeinrome.com\/it\/blog\/#breadcrumb"},"inLanguage":"it-IT","potentialAction":[{"@type":"ReadAction","target":["https:\/\/welcomeinrome.com\/it\/blog\/"]}]},{"@type":"ImageObject","inLanguage":"it-IT","@id":"https:\/\/welcomeinrome.com\/it\/blog\/#primaryimage","url":"https:\/\/welcomeinrome.com\/wp-content\/uploads\/2020\/04\/pinterest-blog-img-14.jpg","contentUrl":"https:\/\/welcomeinrome.com\/wp-content\/uploads\/2020\/04\/pinterest-blog-img-14.jpg"},{"@type":"BreadcrumbList","@id":"https:\/\/welcomeinrome.com\/it\/blog\/#breadcrumb","itemListElement":[{"@type":"ListItem","position":1,"name":"Home","item":"https:\/\/welcomeinrome.com\/it\/"},{"@type":"ListItem","position":2,"name":"Blog"}]},{"@type":"WebSite","@id":"https:\/\/welcomeinrome.com\/#website","url":"https:\/\/welcomeinrome.com\/","name":"Welcome in Rome","description":"Welcome In Rome","publisher":{"@id":"https:\/\/welcomeinrome.com\/#organization"},"alternateName":"Luxury Rental Apartments in Rome","potentialAction":[{"@type":"SearchAction","target":{"@type":"EntryPoint","urlTemplate":"https:\/\/welcomeinrome.com\/?s={search_term_string}"},"query-input":{"@type":"PropertyValueSpecification","valueRequired":true,"valueName":"search_term_string"}}],"inLanguage":"it-IT"},{"@type":"Organization","@id":"https:\/\/welcomeinrome.com\/#organization","name":"Welcome In Rome","alternateName":"Luxury Rental Apartments in Rome","url":"https:\/\/welcomeinrome.com\/","logo":{"@type":"ImageObject","inLanguage":"it-IT","@id":"https:\/\/welcomeinrome.com\/#\/schema\/logo\/image\/","url":"https:\/\/welcomeinrome.com\/wp-content\/uploads\/2025\/06\/cropped-logo-test3.png","contentUrl":"https:\/\/welcomeinrome.com\/wp-content\/uploads\/2025\/06\/cropped-logo-test3.png","width":71,"height":71,"caption":"Welcome In Rome"},"image":{"@id":"https:\/\/welcomeinrome.com\/#\/schema\/logo\/image\/"}}]}},"_links":{"self":[{"href":"https:\/\/welcomeinrome.com\/it\/wp-json\/wp\/v2\/pages\/5308"}],"collection":[{"href":"https:\/\/welcomeinrome.com\/it\/wp-json\/wp\/v2\/pages"}],"about":[{"href":"https:\/\/welcomeinrome.com\/it\/wp-json\/wp\/v2\/types\/page"}],"author":[{"embeddable":true,"href":"https:\/\/welcomeinrome.com\/it\/wp-json\/wp\/v2\/users\/1"}],"replies":[{"embeddable":true,"href":"https:\/\/welcomeinrome.com\/it\/wp-json\/wp\/v2\/comments?post=5308"}],"version-history":[{"count":10,"href":"https:\/\/welcomeinrome.com\/it\/wp-json\/wp\/v2\/pages\/5308\/revisions"}],"predecessor-version":[{"id":5348,"href":"https:\/\/welcomeinrome.com\/it\/wp-json\/wp\/v2\/pages\/5308\/revisions\/5348"}],"wp:attachment":[{"href":"https:\/\/welcomeinrome.com\/it\/wp-json\/wp\/v2\/media?parent=5308"}],"curies":[{"name":"wp","href":"https:\/\/api.w.org\/{rel}","templated":true}]}}